{"id":1389,"date":"2023-06-21T09:31:49","date_gmt":"2023-06-21T09:31:49","guid":{"rendered":"https:\/\/web.laiarq.com\/politica-de-privacidad\/"},"modified":"2023-07-26T08:08:40","modified_gmt":"2023-07-26T08:08:40","slug":"politica-de-privacidad","status":"publish","type":"page","link":"https:\/\/laiarq.com\/es\/politica-de-privacidad\/","title":{"rendered":"Pol\u00edtica de privacidad"},"content":{"rendered":"\t\t<div data-elementor-type=\"wp-page\" data-elementor-id=\"1389\" class=\"elementor elementor-1389 elementor-101\" data-elementor-post-type=\"page\">\n\t\t\t\t<div class=\"elementor-element elementor-element-7070794 padding-container e-flex e-con-boxed e-con e-parent\" data-id=\"7070794\" data-element_type=\"container\" data-settings=\"{&quot;jet_parallax_layout_list&quot;:[]}\">\n\t\t\t\t\t<div class=\"e-con-inner\">\n\t\t<div class=\"elementor-element elementor-element-e43d07a e-con-full e-flex e-con e-parent\" data-id=\"e43d07a\" data-element_type=\"container\" data-settings=\"{&quot;jet_parallax_layout_list&quot;:[]}\">\n\t\t\t\t<div class=\"elementor-element elementor-element-4d8acdb elementor-widget__width-auto elementor-widget-divider--view-line elementor-widget elementor-widget-divider\" data-id=\"4d8acdb\" data-element_type=\"widget\" data-widget_type=\"divider.default\">\n\t\t\t\t<div class=\"elementor-widget-container\">\n\t\t\t\t\t\t\t<div class=\"elementor-divider\">\n\t\t\t<span class=\"elementor-divider-separator\">\n\t\t\t\t\t\t<\/span>\n\t\t<\/div>\n\t\t\t\t\t\t<\/div>\n\t\t\t\t<\/div>\n\t\t\t\t<div class=\"elementor-element elementor-element-278fdf1 elementor-widget elementor-widget-heading\" data-id=\"278fdf1\" data-element_type=\"widget\" data-widget_type=\"heading.default\">\n\t\t\t\t<div class=\"elementor-widget-container\">\n\t\t\t\t\t<h2 class=\"elementor-heading-title elementor-size-default\">P\u00e1ginas legales<\/h2>\t\t\t\t<\/div>\n\t\t\t\t<\/div>\n\t\t\t\t<\/div>\n\t\t\t\t<div class=\"elementor-element elementor-element-ee4cf4a elementor-widget elementor-widget-text-editor\" data-id=\"ee4cf4a\" data-element_type=\"widget\" data-widget_type=\"text-editor.default\">\n\t\t\t\t<div class=\"elementor-widget-container\">\n\t\t\t\t\t\t\t\t\t<p><strong>Recopilaci\u00f3n de informaci\u00f3n personal<\/strong><br \/>\nEn nuestro sitio web recopilamos informaci\u00f3n personal a trav\u00e9s de formularios de contacto con el \u00fanico prop\u00f3sito de facilitar el contacto comercial con nuestros usuarios. La informaci\u00f3n personal que podemos recopilar incluye nombres y direcciones de correo electr\u00f3nico.<\/p>\n<p><strong>Uso de la informaci\u00f3n personal<\/strong><br \/>\nLa informaci\u00f3n personal recopilada se utilizar\u00e1 exclusivamente para atender las solicitudes de contacto comercial realizadas a trav\u00e9s de nuestros formularios. No compartimos esta informaci\u00f3n con terceros ni la utilizamos para otros fines distintos a lo establecido en esta pol\u00edtica.<\/p>\n<p><strong>Conservaci\u00f3n de datos<\/strong><br \/>\nLa informaci\u00f3n personal proporcionada a trav\u00e9s de nuestros formularios de contacto se conservar\u00e1 durante el tiempo necesario para cumplir con el prop\u00f3sito para el que se recopil\u00f3, o seg\u00fan lo exija la legislaci\u00f3n vigente.<\/p>\n<p><strong>Uso de cookies<\/strong><br \/>\nUtilizamos cookies en nuestro sitio web para mejorar la experiencia del usuario y analizar c\u00f3mo interact\u00faan los visitantes con nuestro contenido. Puedes obtener m\u00e1s informaci\u00f3n sobre el uso de cookies en nuestra Pol\u00edtica de Cookies.<\/p>\n<p><strong>Ejercicio de derechos de protecci\u00f3n de datos<\/strong><br \/>\nLos usuarios tienen derecho a acceder, rectificar o eliminar los datos personales proporcionados a trav\u00e9s de nuestros formularios de contacto. Adem\u00e1s, puede revocar su consentimiento para el procesamiento de sus datos en cualquier momento. Para ejercer estos derechos, puede ponerse en contacto con nosotros a trav\u00e9s del correo electr\u00f3nico info@laiarq.com.<\/p>\n<p><strong>Seguridad de la informaci\u00f3n<\/strong><br \/>\nTomamos medidas razonables para proteger la informaci\u00f3n personal de nuestros usuarios y mantener su confidencialidad. Sin embargo, debido a la naturaleza de Internet, no podemos garantizar la seguridad absoluta de la informaci\u00f3n transmitida a trav\u00e9s de nuestro sitio web.<\/p>\n<p><strong>Menores de edad<\/strong><br \/>\nNuestro sitio web no se dirige a menores de edad, y no recopilamos de forma consciente informaci\u00f3n personal de personas menores de 18 a\u00f1os. Si eres padre\/madre o tutor legal y crees que un menor nos ha proporcionado informaci\u00f3n personal, por favor, cont\u00e1ctanos para que podamos eliminar esta informaci\u00f3n.<\/p>\n<p>Si tienes alguna pregunta o inquietud sobre nuestra pol\u00edtica de privacidad, por favor, cont\u00e1ctanos a trav\u00e9s de la direcci\u00f3n de correo electr\u00f3nico info@laiarq.com.<\/p>\n\t\t\t\t\t\t\t\t<\/div>\n\t\t\t\t<\/div>\n\t\t\t\t\t<\/div>\n\t\t\t\t<\/div>\n\t\t\t\t<\/div>\n\t\t","protected":false},"excerpt":{"rendered":"<p>P\u00e1ginas legales Recopilaci\u00f3n de informaci\u00f3n personal En nuestro sitio web recopilamos informaci\u00f3n personal a trav\u00e9s de formularios de contacto con el \u00fanico prop\u00f3sito de facilitar el contacto comercial con nuestros usuarios. La informaci\u00f3n personal que podemos recopilar incluye nombres y direcciones de correo electr\u00f3nico. Uso de la informaci\u00f3n personal La informaci\u00f3n personal recopilada se utilizar\u00e1 [&hellip;]<\/p>\n","protected":false},"author":3,"featured_media":0,"parent":0,"menu_order":0,"comment_status":"closed","ping_status":"closed","template":"","meta":{"footnotes":""},"class_list":["post-1389","page","type-page","status-publish","hentry"],"yoast_head":"<!-- This site is optimized with the Yoast SEO plugin v25.8 - https:\/\/yoast.com\/wordpress\/plugins\/seo\/ -->\n<title>Pol\u00edtica de privacidad - Laiarq<\/title>\n<meta name=\"robots\" content=\"index, follow, max-snippet:-1, max-image-preview:large, max-video-preview:-1\" \/>\n<link rel=\"canonical\" href=\"https:\/\/laiarq.com\/politica-de-privacitat\/\" \/>\n<meta property=\"og:locale\" content=\"es_ES\" \/>\n<meta property=\"og:type\" content=\"article\" \/>\n<meta property=\"og:title\" content=\"Pol\u00edtica de privacidad - Laiarq\" \/>\n<meta property=\"og:description\" content=\"P\u00e1ginas legales Recopilaci\u00f3n de informaci\u00f3n personal En nuestro sitio web recopilamos informaci\u00f3n personal a trav\u00e9s de formularios de contacto con el \u00fanico prop\u00f3sito de facilitar el contacto comercial con nuestros usuarios. La informaci\u00f3n personal que podemos recopilar incluye nombres y direcciones de correo electr\u00f3nico. Uso de la informaci\u00f3n personal La informaci\u00f3n personal recopilada se utilizar\u00e1 [&hellip;]\" \/>\n<meta property=\"og:url\" content=\"https:\/\/laiarq.com\/politica-de-privacitat\/\" \/>\n<meta property=\"og:site_name\" content=\"Laiarq\" \/>\n<meta property=\"article:modified_time\" content=\"2023-07-26T08:08:40+00:00\" \/>\n<meta name=\"twitter:card\" content=\"summary_large_image\" \/>\n<meta name=\"twitter:label1\" content=\"Tiempo de lectura\" \/>\n\t<meta name=\"twitter:data1\" content=\"2 minutos\" \/>\n<script type=\"application\/ld+json\" class=\"yoast-schema-graph\">{\"@context\":\"https:\/\/schema.org\",\"@graph\":[{\"@type\":\"WebPage\",\"@id\":\"https:\/\/laiarq.com\/politica-de-privacitat\/\",\"url\":\"https:\/\/laiarq.com\/politica-de-privacitat\/\",\"name\":\"Pol\u00edtica de privacidad - Laiarq\",\"isPartOf\":{\"@id\":\"https:\/\/laiarq.com\/#website\"},\"datePublished\":\"2023-06-21T09:31:49+00:00\",\"dateModified\":\"2023-07-26T08:08:40+00:00\",\"breadcrumb\":{\"@id\":\"https:\/\/laiarq.com\/politica-de-privacitat\/#breadcrumb\"},\"inLanguage\":\"es\",\"potentialAction\":[{\"@type\":\"ReadAction\",\"target\":[\"https:\/\/laiarq.com\/politica-de-privacitat\/\"]}]},{\"@type\":\"BreadcrumbList\",\"@id\":\"https:\/\/laiarq.com\/politica-de-privacitat\/#breadcrumb\",\"itemListElement\":[{\"@type\":\"ListItem\",\"position\":1,\"name\":\"Inici\",\"item\":\"https:\/\/laiarq.com\/es\/\"},{\"@type\":\"ListItem\",\"position\":2,\"name\":\"Pol\u00edtica de privacidad\"}]},{\"@type\":\"WebSite\",\"@id\":\"https:\/\/laiarq.com\/#website\",\"url\":\"https:\/\/laiarq.com\/\",\"name\":\"Laiarq\",\"description\":\"Estudi de c\u00e0lcul d\u2019estructures pensat per donar suport a l\u2019arquitecte\",\"publisher\":{\"@id\":\"https:\/\/laiarq.com\/#organization\"},\"potentialAction\":[{\"@type\":\"SearchAction\",\"target\":{\"@type\":\"EntryPoint\",\"urlTemplate\":\"https:\/\/laiarq.com\/?s={search_term_string}\"},\"query-input\":{\"@type\":\"PropertyValueSpecification\",\"valueRequired\":true,\"valueName\":\"search_term_string\"}}],\"inLanguage\":\"es\"},{\"@type\":\"Organization\",\"@id\":\"https:\/\/laiarq.com\/#organization\",\"name\":\"Laiarq\",\"url\":\"https:\/\/laiarq.com\/\",\"logo\":{\"@type\":\"ImageObject\",\"inLanguage\":\"es\",\"@id\":\"https:\/\/laiarq.com\/#\/schema\/logo\/image\/\",\"url\":\"https:\/\/laiarq.com\/wp-content\/uploads\/2023\/04\/LOGO.png\",\"contentUrl\":\"https:\/\/laiarq.com\/wp-content\/uploads\/2023\/04\/LOGO.png\",\"width\":110,\"height\":59,\"caption\":\"Laiarq\"},\"image\":{\"@id\":\"https:\/\/laiarq.com\/#\/schema\/logo\/image\/\"}}]}<\/script>\n<!-- \/ Yoast SEO plugin. -->","yoast_head_json":{"title":"Pol\u00edtica de privacidad - Laiarq","robots":{"index":"index","follow":"follow","max-snippet":"max-snippet:-1","max-image-preview":"max-image-preview:large","max-video-preview":"max-video-preview:-1"},"canonical":"https:\/\/laiarq.com\/politica-de-privacitat\/","og_locale":"es_ES","og_type":"article","og_title":"Pol\u00edtica de privacidad - Laiarq","og_description":"P\u00e1ginas legales Recopilaci\u00f3n de informaci\u00f3n personal En nuestro sitio web recopilamos informaci\u00f3n personal a trav\u00e9s de formularios de contacto con el \u00fanico prop\u00f3sito de facilitar el contacto comercial con nuestros usuarios. La informaci\u00f3n personal que podemos recopilar incluye nombres y direcciones de correo electr\u00f3nico. Uso de la informaci\u00f3n personal La informaci\u00f3n personal recopilada se utilizar\u00e1 [&hellip;]","og_url":"https:\/\/laiarq.com\/politica-de-privacitat\/","og_site_name":"Laiarq","article_modified_time":"2023-07-26T08:08:40+00:00","twitter_card":"summary_large_image","twitter_misc":{"Tiempo de lectura":"2 minutos"},"schema":{"@context":"https:\/\/schema.org","@graph":[{"@type":"WebPage","@id":"https:\/\/laiarq.com\/politica-de-privacitat\/","url":"https:\/\/laiarq.com\/politica-de-privacitat\/","name":"Pol\u00edtica de privacidad - Laiarq","isPartOf":{"@id":"https:\/\/laiarq.com\/#website"},"datePublished":"2023-06-21T09:31:49+00:00","dateModified":"2023-07-26T08:08:40+00:00","breadcrumb":{"@id":"https:\/\/laiarq.com\/politica-de-privacitat\/#breadcrumb"},"inLanguage":"es","potentialAction":[{"@type":"ReadAction","target":["https:\/\/laiarq.com\/politica-de-privacitat\/"]}]},{"@type":"BreadcrumbList","@id":"https:\/\/laiarq.com\/politica-de-privacitat\/#breadcrumb","itemListElement":[{"@type":"ListItem","position":1,"name":"Inici","item":"https:\/\/laiarq.com\/es\/"},{"@type":"ListItem","position":2,"name":"Pol\u00edtica de privacidad"}]},{"@type":"WebSite","@id":"https:\/\/laiarq.com\/#website","url":"https:\/\/laiarq.com\/","name":"Laiarq","description":"Estudi de c\u00e0lcul d\u2019estructures pensat per donar suport a l\u2019arquitecte","publisher":{"@id":"https:\/\/laiarq.com\/#organization"},"potentialAction":[{"@type":"SearchAction","target":{"@type":"EntryPoint","urlTemplate":"https:\/\/laiarq.com\/?s={search_term_string}"},"query-input":{"@type":"PropertyValueSpecification","valueRequired":true,"valueName":"search_term_string"}}],"inLanguage":"es"},{"@type":"Organization","@id":"https:\/\/laiarq.com\/#organization","name":"Laiarq","url":"https:\/\/laiarq.com\/","logo":{"@type":"ImageObject","inLanguage":"es","@id":"https:\/\/laiarq.com\/#\/schema\/logo\/image\/","url":"https:\/\/laiarq.com\/wp-content\/uploads\/2023\/04\/LOGO.png","contentUrl":"https:\/\/laiarq.com\/wp-content\/uploads\/2023\/04\/LOGO.png","width":110,"height":59,"caption":"Laiarq"},"image":{"@id":"https:\/\/laiarq.com\/#\/schema\/logo\/image\/"}}]}},"_links":{"self":[{"href":"https:\/\/laiarq.com\/es\/wp-json\/wp\/v2\/pages\/1389","targetHints":{"allow":["GET"]}}],"collection":[{"href":"https:\/\/laiarq.com\/es\/wp-json\/wp\/v2\/pages"}],"about":[{"href":"https:\/\/laiarq.com\/es\/wp-json\/wp\/v2\/types\/page"}],"author":[{"embeddable":true,"href":"https:\/\/laiarq.com\/es\/wp-json\/wp\/v2\/users\/3"}],"replies":[{"embeddable":true,"href":"https:\/\/laiarq.com\/es\/wp-json\/wp\/v2\/comments?post=1389"}],"version-history":[{"count":2,"href":"https:\/\/laiarq.com\/es\/wp-json\/wp\/v2\/pages\/1389\/revisions"}],"predecessor-version":[{"id":1650,"href":"https:\/\/laiarq.com\/es\/wp-json\/wp\/v2\/pages\/1389\/revisions\/1650"}],"wp:attachment":[{"href":"https:\/\/laiarq.com\/es\/wp-json\/wp\/v2\/media?parent=1389"}],"curies":[{"name":"wp","href":"https:\/\/api.w.org\/{rel}","templated":true}]}}