{"id":1680,"date":"2023-07-26T10:36:36","date_gmt":"2023-07-26T10:36:36","guid":{"rendered":"https:\/\/laiarq.com\/declaracion-de-accesiblidad\/"},"modified":"2023-07-27T07:52:08","modified_gmt":"2023-07-27T07:52:08","slug":"declaracion-de-accesiblidad","status":"publish","type":"page","link":"https:\/\/laiarq.com\/es\/declaracion-de-accesiblidad\/","title":{"rendered":"Declaraci\u00f3n de accesiblidad"},"content":{"rendered":"\t\t<div data-elementor-type=\"wp-page\" data-elementor-id=\"1680\" class=\"elementor elementor-1680 elementor-1667\" data-elementor-post-type=\"page\">\n\t\t\t\t<div class=\"elementor-element elementor-element-0290f0f padding-container e-flex e-con-boxed e-con e-parent\" data-id=\"0290f0f\" data-element_type=\"container\" data-settings=\"{&quot;jet_parallax_layout_list&quot;:[]}\">\n\t\t\t\t\t<div class=\"e-con-inner\">\n\t\t\t\t<div class=\"elementor-element elementor-element-0526e8d elementor-widget elementor-widget-text-editor\" data-id=\"0526e8d\" data-element_type=\"widget\" data-widget_type=\"text-editor.default\">\n\t\t\t\t<div class=\"elementor-widget-container\">\n\t\t\t\t\t\t\t\t\t<p>Laiarq se ha comprometido a hacer accesible sus sitios web de conformidad con el Real decreto 1112\/2018, de 7 de septiembre, sobre accesibilidad de los sitios web y aplicaciones para dispositivos m\u00f3viles del sector p\u00fablico (en adelante, RD 1112\/ 2018, de 7 de septiembre).<\/p>\n<p>La presente declaraci\u00f3n de accesibilidad se aplica en el sitio web https:\/\/www.laiarq.com, excluyendo los contenidos incrustados provenientes de otros dominios.<\/p>\n<p><strong>SITUACI\u00d3N DE CUMPLIMIENTO<\/strong><br \/>\nEste sitio web es parcialmente conforme al RD 1112\/2018, de 7 de septiembre, debido a las excepciones ya la falta de conformidad de los aspectos que se indican a continuaci\u00f3n.<\/p>\n<p><strong>CONTENIDO NO ACCESIBLE<\/strong><br \/>\nEl contenido que se recoge a continuaci\u00f3n no es accesible por lo siguiente:<\/p>\n<p>1.- Falta de conformidad con RD 1112\/2018:<\/p>\n<p>Debido a que se utiliza un gestor de contenidos y existen diferentes usuarios actualizando y creando contenidos nuevos, podr\u00edan existir fallos puntuales de edici\u00f3n en alguna p\u00e1gina web, tanto en contenidos HTML como en documentos finales. Sin embargo, existe el compromiso de revisi\u00f3n peri\u00f3dica y de solucionar los problemas notificados por los usuarios.<br \/>\nPuede haber contenido externo, como los componentes de Facebook, Twitter, YouTube o Google Maps, que no cumplen por completo con los criterios de accesibilidad.<br \/>\nPuede haber alguna p\u00e1gina donde parte del contenido puede presentarse con p\u00e9rdida de informaci\u00f3n o funcionalidad, necesitando realizar scroll en dos dimensiones [criterio de \u00e9xito 1.4.10].<br \/>\n2.- Carga desproporcionada: No aplica<\/p>\n<p>3.- El contenido no entra dentro del \u00e1mbito de la legislaci\u00f3n aplicable: podr\u00edan existir archivos ofim\u00e1ticos en PDF u otros formatos publicados antes del 20 de septiembre de 2018 que no cumplan \u00edntegramente todos los requisitos de accesibilidad.<\/p>\n<p><strong>PREPARACI\u00d3N DE LA PRESENTE DECLARACI\u00d3N DE ACCESIBILIDAD<\/strong><br \/>\nLa presente declaraci\u00f3n fue preparada el 15 de febrero de 2023<\/p>\n<p>El m\u00e9todo empleado para preparar la declaraci\u00f3n ha sido una autoevaluaci\u00f3n llevada a cabo por el responsable de accesibilidad.<\/p>\n<p>\u00daltima revisi\u00f3n de la declaraci\u00f3n: 15 de febrero de 2023.<\/p>\n<p><strong>OBSERVACIONES Y DATOS DE CONTACTO<\/strong><br \/>\nPuede realizar comunicaciones sobre requisitos de accesibilidad (art\u00edculo 10.2.a) del Real decreto 1112\/2018, de 7 de septiembre) como, por ejemplo:<\/p>\n<p>Informar sobre cualquier posible incumplimiento por parte de este sitio web.<br \/>\nTransmitir otras dificultades de acceso al contenido.<br \/>\nFormular cualquier otra consulta o sugerencia de mejora relativa a la accesibilidad del sitio web.<br \/>\nUtilizando las siguientes v\u00edas:<\/p>\n<p>Formulario de contacto de la p\u00e1gina web<br \/>\nCorreo electr\u00f3nico: info@laiarq.com<br \/>\nTel\u00e9fono: 609 845 586<\/p>\n<p><strong>PROCEDIMIENTO DE APLICACI\u00d3N<\/strong><br \/>\nA trav\u00e9s de este procedimiento podr\u00e1 iniciar una reclamaci\u00f3n para conocer y oponerse a los motivos de la desestimaci\u00f3n de una solicitud de informaci\u00f3n accesible o queja, instar la adopci\u00f3n de las medidas oportunas en caso de no estar de de acuerdo con la decisi\u00f3n adoptada, o exponer las razones por las que se considera que la respuesta no cumple con los requisitos exigidos.<\/p>\n<p>La versi\u00f3n actualmente visible de este sitio web es de julio de 2023.<\/p>\n<p>A partir de esa fecha se llevan a cabo revisiones parciales de los contenidos, tanto de las plantillas como de las p\u00e1ginas y documentos finales publicados, a fin de asegurar el cumplimiento de los requerimientos de accesibilidad que actualmente son los de y AA de la norma WCAG 2.1, considerando las excepciones del Real Decreto 1112\/2018, de 7 de septiembre.<\/p>\n<p><strong>TAMA\u00d1O DEL TEXTO<\/strong><br \/>\nCon el fin de prestar un mejor servicio, Laiarq almacena en el ordenador del Usuario peque\u00f1os archivos de informaci\u00f3n denominados cookies. Para m\u00e1s informaci\u00f3n sobre las cookies y su configuraci\u00f3n acceda a nuestra Pol\u00edtica de Cookies.<\/p>\n<p>Google Chrome \/ Edge: Abrir men\u00fa &gt; Zoom<\/p>\n<p>Mozilla Firefox: Abra men\u00fa &gt; Tama\u00f1o<\/p>\n<p>Internet Explorer: Ver &gt; Tama\u00f1o de texto &gt; Grande o Muy Grande<\/p>\n<p>Opera: View &gt; Zoom &gt; %<\/p>\n<p>Safari: View &gt; Make text bigger<\/p>\n\t\t\t\t\t\t\t\t<\/div>\n\t\t\t\t<\/div>\n\t\t\t\t\t<\/div>\n\t\t\t\t<\/div>\n\t\t\t\t<\/div>\n\t\t","protected":false},"excerpt":{"rendered":"<p>Laiarq se ha comprometido a hacer accesible sus sitios web de conformidad con el Real decreto 1112\/2018, de 7 de septiembre, sobre accesibilidad de los sitios web y aplicaciones para dispositivos m\u00f3viles del sector p\u00fablico (en adelante, RD 1112\/ 2018, de 7 de septiembre). La presente declaraci\u00f3n de accesibilidad se aplica en el sitio web [&hellip;]<\/p>\n","protected":false},"author":1,"featured_media":0,"parent":0,"menu_order":0,"comment_status":"open","ping_status":"closed","template":"","meta":{"footnotes":""},"class_list":["post-1680","page","type-page","status-publish","hentry"],"yoast_head":"<!-- This site is optimized with the Yoast SEO plugin v25.8 - https:\/\/yoast.com\/wordpress\/plugins\/seo\/ -->\n<title>Declaraci\u00f3n de accesiblidad - Laiarq<\/title>\n<meta name=\"robots\" content=\"index, follow, max-snippet:-1, max-image-preview:large, max-video-preview:-1\" \/>\n<link rel=\"canonical\" href=\"https:\/\/laiarq.com\/declaracio-daccessibilitat\/\" \/>\n<meta property=\"og:locale\" content=\"es_ES\" \/>\n<meta property=\"og:type\" content=\"article\" \/>\n<meta property=\"og:title\" content=\"Declaraci\u00f3n de accesiblidad - Laiarq\" \/>\n<meta property=\"og:description\" content=\"Laiarq se ha comprometido a hacer accesible sus sitios web de conformidad con el Real decreto 1112\/2018, de 7 de septiembre, sobre accesibilidad de los sitios web y aplicaciones para dispositivos m\u00f3viles del sector p\u00fablico (en adelante, RD 1112\/ 2018, de 7 de septiembre). La presente declaraci\u00f3n de accesibilidad se aplica en el sitio web [&hellip;]\" \/>\n<meta property=\"og:url\" content=\"https:\/\/laiarq.com\/declaracio-daccessibilitat\/\" \/>\n<meta property=\"og:site_name\" content=\"Laiarq\" \/>\n<meta property=\"article:modified_time\" content=\"2023-07-27T07:52:08+00:00\" \/>\n<meta name=\"twitter:card\" content=\"summary_large_image\" \/>\n<meta name=\"twitter:label1\" content=\"Tiempo de lectura\" \/>\n\t<meta name=\"twitter:data1\" content=\"3 minutos\" \/>\n<script type=\"application\/ld+json\" class=\"yoast-schema-graph\">{\"@context\":\"https:\/\/schema.org\",\"@graph\":[{\"@type\":\"WebPage\",\"@id\":\"https:\/\/laiarq.com\/declaracio-daccessibilitat\/\",\"url\":\"https:\/\/laiarq.com\/declaracio-daccessibilitat\/\",\"name\":\"Declaraci\u00f3n de accesiblidad - Laiarq\",\"isPartOf\":{\"@id\":\"https:\/\/laiarq.com\/#website\"},\"datePublished\":\"2023-07-26T10:36:36+00:00\",\"dateModified\":\"2023-07-27T07:52:08+00:00\",\"breadcrumb\":{\"@id\":\"https:\/\/laiarq.com\/declaracio-daccessibilitat\/#breadcrumb\"},\"inLanguage\":\"es\",\"potentialAction\":[{\"@type\":\"ReadAction\",\"target\":[\"https:\/\/laiarq.com\/declaracio-daccessibilitat\/\"]}]},{\"@type\":\"BreadcrumbList\",\"@id\":\"https:\/\/laiarq.com\/declaracio-daccessibilitat\/#breadcrumb\",\"itemListElement\":[{\"@type\":\"ListItem\",\"position\":1,\"name\":\"Inici\",\"item\":\"https:\/\/laiarq.com\/es\/\"},{\"@type\":\"ListItem\",\"position\":2,\"name\":\"Declaraci\u00f3n de accesiblidad\"}]},{\"@type\":\"WebSite\",\"@id\":\"https:\/\/laiarq.com\/#website\",\"url\":\"https:\/\/laiarq.com\/\",\"name\":\"Laiarq\",\"description\":\"Estudi de c\u00e0lcul d\u2019estructures pensat per donar suport a l\u2019arquitecte\",\"publisher\":{\"@id\":\"https:\/\/laiarq.com\/#organization\"},\"potentialAction\":[{\"@type\":\"SearchAction\",\"target\":{\"@type\":\"EntryPoint\",\"urlTemplate\":\"https:\/\/laiarq.com\/?s={search_term_string}\"},\"query-input\":{\"@type\":\"PropertyValueSpecification\",\"valueRequired\":true,\"valueName\":\"search_term_string\"}}],\"inLanguage\":\"es\"},{\"@type\":\"Organization\",\"@id\":\"https:\/\/laiarq.com\/#organization\",\"name\":\"Laiarq\",\"url\":\"https:\/\/laiarq.com\/\",\"logo\":{\"@type\":\"ImageObject\",\"inLanguage\":\"es\",\"@id\":\"https:\/\/laiarq.com\/#\/schema\/logo\/image\/\",\"url\":\"https:\/\/laiarq.com\/wp-content\/uploads\/2023\/04\/LOGO.png\",\"contentUrl\":\"https:\/\/laiarq.com\/wp-content\/uploads\/2023\/04\/LOGO.png\",\"width\":110,\"height\":59,\"caption\":\"Laiarq\"},\"image\":{\"@id\":\"https:\/\/laiarq.com\/#\/schema\/logo\/image\/\"}}]}<\/script>\n<!-- \/ Yoast SEO plugin. -->","yoast_head_json":{"title":"Declaraci\u00f3n de accesiblidad - Laiarq","robots":{"index":"index","follow":"follow","max-snippet":"max-snippet:-1","max-image-preview":"max-image-preview:large","max-video-preview":"max-video-preview:-1"},"canonical":"https:\/\/laiarq.com\/declaracio-daccessibilitat\/","og_locale":"es_ES","og_type":"article","og_title":"Declaraci\u00f3n de accesiblidad - Laiarq","og_description":"Laiarq se ha comprometido a hacer accesible sus sitios web de conformidad con el Real decreto 1112\/2018, de 7 de septiembre, sobre accesibilidad de los sitios web y aplicaciones para dispositivos m\u00f3viles del sector p\u00fablico (en adelante, RD 1112\/ 2018, de 7 de septiembre). La presente declaraci\u00f3n de accesibilidad se aplica en el sitio web [&hellip;]","og_url":"https:\/\/laiarq.com\/declaracio-daccessibilitat\/","og_site_name":"Laiarq","article_modified_time":"2023-07-27T07:52:08+00:00","twitter_card":"summary_large_image","twitter_misc":{"Tiempo de lectura":"3 minutos"},"schema":{"@context":"https:\/\/schema.org","@graph":[{"@type":"WebPage","@id":"https:\/\/laiarq.com\/declaracio-daccessibilitat\/","url":"https:\/\/laiarq.com\/declaracio-daccessibilitat\/","name":"Declaraci\u00f3n de accesiblidad - Laiarq","isPartOf":{"@id":"https:\/\/laiarq.com\/#website"},"datePublished":"2023-07-26T10:36:36+00:00","dateModified":"2023-07-27T07:52:08+00:00","breadcrumb":{"@id":"https:\/\/laiarq.com\/declaracio-daccessibilitat\/#breadcrumb"},"inLanguage":"es","potentialAction":[{"@type":"ReadAction","target":["https:\/\/laiarq.com\/declaracio-daccessibilitat\/"]}]},{"@type":"BreadcrumbList","@id":"https:\/\/laiarq.com\/declaracio-daccessibilitat\/#breadcrumb","itemListElement":[{"@type":"ListItem","position":1,"name":"Inici","item":"https:\/\/laiarq.com\/es\/"},{"@type":"ListItem","position":2,"name":"Declaraci\u00f3n de accesiblidad"}]},{"@type":"WebSite","@id":"https:\/\/laiarq.com\/#website","url":"https:\/\/laiarq.com\/","name":"Laiarq","description":"Estudi de c\u00e0lcul d\u2019estructures pensat per donar suport a l\u2019arquitecte","publisher":{"@id":"https:\/\/laiarq.com\/#organization"},"potentialAction":[{"@type":"SearchAction","target":{"@type":"EntryPoint","urlTemplate":"https:\/\/laiarq.com\/?s={search_term_string}"},"query-input":{"@type":"PropertyValueSpecification","valueRequired":true,"valueName":"search_term_string"}}],"inLanguage":"es"},{"@type":"Organization","@id":"https:\/\/laiarq.com\/#organization","name":"Laiarq","url":"https:\/\/laiarq.com\/","logo":{"@type":"ImageObject","inLanguage":"es","@id":"https:\/\/laiarq.com\/#\/schema\/logo\/image\/","url":"https:\/\/laiarq.com\/wp-content\/uploads\/2023\/04\/LOGO.png","contentUrl":"https:\/\/laiarq.com\/wp-content\/uploads\/2023\/04\/LOGO.png","width":110,"height":59,"caption":"Laiarq"},"image":{"@id":"https:\/\/laiarq.com\/#\/schema\/logo\/image\/"}}]}},"_links":{"self":[{"href":"https:\/\/laiarq.com\/es\/wp-json\/wp\/v2\/pages\/1680","targetHints":{"allow":["GET"]}}],"collection":[{"href":"https:\/\/laiarq.com\/es\/wp-json\/wp\/v2\/pages"}],"about":[{"href":"https:\/\/laiarq.com\/es\/wp-json\/wp\/v2\/types\/page"}],"author":[{"embeddable":true,"href":"https:\/\/laiarq.com\/es\/wp-json\/wp\/v2\/users\/1"}],"replies":[{"embeddable":true,"href":"https:\/\/laiarq.com\/es\/wp-json\/wp\/v2\/comments?post=1680"}],"version-history":[{"count":3,"href":"https:\/\/laiarq.com\/es\/wp-json\/wp\/v2\/pages\/1680\/revisions"}],"predecessor-version":[{"id":1706,"href":"https:\/\/laiarq.com\/es\/wp-json\/wp\/v2\/pages\/1680\/revisions\/1706"}],"wp:attachment":[{"href":"https:\/\/laiarq.com\/es\/wp-json\/wp\/v2\/media?parent=1680"}],"curies":[{"name":"wp","href":"https:\/\/api.w.org\/{rel}","templated":true}]}}